{"id":700,"date":"2025-01-23T17:05:32","date_gmt":"2025-01-23T09:05:32","guid":{"rendered":"https:\/\/potatochipsproductionline.com\/?page_id=700"},"modified":"2025-01-23T17:09:13","modified_gmt":"2025-01-23T09:09:13","slug":"about-us","status":"publish","type":"page","link":"https:\/\/potatochipsproductionline.com\/de\/about-us\/","title":{"rendered":"\u00dcber uns"},"content":{"rendered":"<div class=\"gb-container gb-container-d70d3d41\">\n<div class=\"gb-container gb-container-fbce4224\">\n<div class=\"gb-container gb-container-6544843b\">\n\n<h2 class=\"gb-headline gb-headline-c67b1d25 gb-headline-text\">Wir sind bestrebt, vielen Fabriken L\u00f6sungen f\u00fcr Kartoffelchips-Ausr\u00fcstung anzubieten<\/h2>\n\n\n\n<p>Seit seiner Gr\u00fcndung im Jahr 1990 konzentriert sich das Unternehmen auf die Herstellung von Anlagen f\u00fcr die Kartoffelchip-Produktionslinie. Mit seiner Begeisterung f\u00fcr die Herstellung von Lebensmittelmaschinen ist es zu einem Branchenf\u00fchrer herangewachsen, indem es auf Technologieforschung und -entwicklung besteht, Produktionsprozesse optimiert und Einblicke in die Kundenbed\u00fcrfnisse gewinnt, und hat die Entwicklung der globalen Kartoffelchip-Industrie unterst\u00fctzt.<\/p>\n\n\n\n<h2 class=\"gb-headline gb-headline-8d4532e5 gb-headline-text\">Voranschreiten: Ein solider Wachstumspfad<\/h2>\n\n\n\n<p>Im Jahr 1992:<\/p>\n\n\n\n<p>Die erste Generation der Produktionslinie f\u00fcr Kartoffelchips wurde erfolgreich eingef\u00fchrt. Dank ihrer stabilen Leistung und ihres angemessenen Preises gewann sie schnell die Gunst einiger kleiner inl\u00e4ndischer Kartoffelchiphersteller und legte damit eine solide Grundlage f\u00fcr das Unternehmen, um auf dem Markt Fu\u00df zu fassen.<\/p>\n\n\n\n<p>Im Jahr 1995:<\/p>\n\n\n\n<p>Die zweite Generation der Kartoffelchip-Produktionslinie wurde eingef\u00fchrt und es wurden fortschrittliche automatische Steuerungssysteme eingef\u00fchrt, die die Produktionseffizienz erheblich verbesserten. Nach der Markteinf\u00fchrung des neuen Produkts gl\u00e4nzte es nicht nur auf dem Inlandsmarkt, sondern erregte auch die Aufmerksamkeit einiger ausl\u00e4ndischer Kunden und war damit der erste Schritt zur Expansion auf dem internationalen Markt.<\/p>\n\n\n\n<p>Im Jahr 2000:<\/p>\n\n\n\n<p>Die Frittiertechnologie mit \u00d6l-Wasser-Trennung wurde entwickelt, um den Gesundheitsbed\u00fcrfnissen der Verbraucher gerecht zu werden.<\/p>\n\n\n\n<p>Im Jahr 2002:<\/p>\n\n\n\n<p>Es wurde ein ma\u00dfgeschneidertes Team zusammengestellt, um eine flexible Produktionslinie zu schaffen, die an die speziellen Bed\u00fcrfnisse der Kunden angepasst werden kann. Ob Form, Geschmack oder Verpackung der Kartoffelchips \u2013 alles kann individuell angepasst werden.<\/p>\n\n\n\n<p>Im Jahr 2005:<\/p>\n\n\n\n<p>Wir haben langfristige und stabile Kooperationsbeziehungen mit namhaften Universit\u00e4ten und wissenschaftlichen Forschungseinrichtungen aufgebaut, um die Umsetzung wissenschaftlicher Forschungsergebnisse zu beschleunigen. Die Marktkarte wird st\u00e4ndig erweitert und wir entwickeln uns zu einem internationalen Unternehmen.<\/p>\n\n\n\n<p>Von der anf\u00e4nglichen kleinen regionalen Fabrik ist es allm\u00e4hlich zu einem internationalen Unternehmen mit Gesch\u00e4ftst\u00e4tigkeiten im ganzen Land und vielen Kunden in Europa, Amerika, S\u00fcdostasien, dem Nahen Osten und anderen Regionen herangewachsen. In diesem Prozess verdichten sich in jeder technologischen Innovation, jeder neuen Produkteinf\u00fchrung und jedem Marktdurchbruch die Weisheit und der Schwei\u00df aller Mitarbeiter und werden zu einem festen Fu\u00dfabdruck auf dem Wachstumspfad des Unternehmens.<\/p>\n\n\n\n<h2 class=\"gb-headline gb-headline-21da6266 gb-headline-text\">Ausgezeichneter Herstellungsprozess<\/h2>\n\n\n\n<p><strong>Teilebearbeitung<\/strong><\/p>\n\n\n\n<p>Durch die Pr\u00e4zisionsfertigung in CNC-Bearbeitungszentren und den Einsatz von Pr\u00e4zisionsschwei\u00dfrobotern wird die Stabilit\u00e4t und Haltbarkeit der Ger\u00e4te gew\u00e4hrleistet.<\/p>\n\n\n\n<p><strong>Maschinenmontage<\/strong><\/p>\n\n\n\n<p>Erfahrene Montagemitarbeiter und intelligente Montagesysteme arbeiten zusammen.<\/p>\n\n\n\n<p><strong>Qualit\u00e4tskontrolle<\/strong><\/p>\n\n\n\n<p>Mit einem strengen und umfassenden Qualit\u00e4tsmanagementsystem und ausgestattet mit hochmodernen Pr\u00fcfger\u00e4ten.<\/p>\n\n\n\n<p><strong>Innovation und Unternehmertum<\/strong><\/p>\n\n\n\n<p>Das Forschungs- und Entwicklungsteam verf\u00fcgt \u00fcber ausgepr\u00e4gte Kreativit\u00e4t und Kampfkraft, h\u00e4lt mit der internationalen Spitzentechnologie Schritt und f\u00fchrt im Einklang mit der Marktnachfrage st\u00e4ndig Innovationen durch.<\/p>\n\n\n\n<h2 class=\"gb-headline gb-headline-8fa6364f gb-headline-text\">Unsere Leistungen<\/h2>\n\n\n\n<p><strong>Vorverkaufsservice<\/strong><\/p>\n\n\n\n<p>Dank unseres professionellen Marktforschungs- und Projektplanungsteams k\u00f6nnen wir Ihre Anforderungen genau verstehen, von der Auswahl der Produktionslinie \u00fcber die Gestaltung des Werkstattlayouts bis hin zur Prozessoptimierung und anderen Aspekten, und so die f\u00fcr Sie am besten geeignete L\u00f6sung ma\u00dfschneidern. Egal, ob es um den Bau einer neuen Anlage oder die Modernisierung einer alten Anlage geht.<\/p>\n\n\n\n<p><strong>Verkaufsservice<\/strong><\/p>\n\n\n\n<p>Das technisch versierte Montage- und Inbetriebnahmeteam sorgt daf\u00fcr, dass Ihre Produktionslinie den optimalen Betriebszustand erreicht.<\/p>\n\n\n\n<p><strong>Kundendienst<\/strong><\/p>\n\n\n\n<p>Ein globales Kundendienstnetz, das Ihre Sorgen l\u00f6st.<\/p>\n\n\n\n<h2 class=\"gb-headline gb-headline-2f07a5dc gb-headline-text\">Auszeichnungen &amp; Zertifikate<\/h2>\n\n\n\n<p>In den Jahren harter Arbeit haben wir mit unserer hervorragenden technischen St\u00e4rke, unserer hervorragenden Produktqualit\u00e4t und unserem hochwertigen Servicesystem innerhalb und au\u00dferhalb der Branche breite Anerkennung gefunden und viele Auszeichnungen gewonnen. Diese Ehrenurkunden sind nicht nur eine Best\u00e4tigung der bisherigen Erfolge des Unternehmens, sondern auch eine Motivationsquelle f\u00fcr alle Mitarbeiter, weiter voranzukommen.<\/p>\n\n\n\n<p>Gewann die Titel \u201eNationales Hochtechnologieunternehmen\u201c, \u201eProvinzielles spezialisiertes und neues Unternehmen\u201c, \u201eKommunales Demonstrationsunternehmen f\u00fcr wissenschaftliche und technologische Innovation\u201c und so weiter.<\/p>\n\n\n\n<p>Zertifizierung f\u00fcr Qualit\u00e4tsmanagementsystem ISO 9001, Umweltmanagementsystem ISO 14001, Arbeitsschutzmanagementsystem ISO 45001, Lebensmittelsicherheitsmanagementsystem HACCP und viele weitere international anerkannte Zertifizierungen bestanden.<\/p>\n\n\n\n<p>Erster Preis f\u00fcr technologische Innovation<\/p>\n\n\n<div class=\"gb-container gb-container-242fd4c2\">\n<div class=\"gb-grid-wrapper gb-grid-wrapper-8b64ea66\">\n<div class=\"gb-grid-column gb-grid-column-2aaded06\"><div class=\"gb-container gb-container-2aaded06\">\n\n<figure class=\"wp-block-image size-full\"><img decoding=\"async\" width=\"807\" height=\"354\" src=\"https:\/\/potatochipsproductionline.com\/wp-content\/uploads\/2025\/01\/certificate-CE.png\" alt=\"\" class=\"wp-image-512\" srcset=\"https:\/\/potatochipsproductionline.com\/wp-content\/uploads\/2025\/01\/certificate-CE.png 807w, https:\/\/potatochipsproductionline.com\/wp-content\/uploads\/2025\/01\/certificate-CE-300x132.png 300w, https:\/\/potatochipsproductionline.com\/wp-content\/uploads\/2025\/01\/certificate-CE-768x337.png 768w\" sizes=\"(max-width: 807px) 100vw, 807px\" \/><\/figure>\n\n<\/div><\/div>\n\n<div class=\"gb-grid-column gb-grid-column-999ab689\"><div class=\"gb-container gb-container-999ab689\">\n\n<figure class=\"wp-block-image size-full\"><img decoding=\"async\" width=\"807\" height=\"354\" src=\"https:\/\/potatochipsproductionline.com\/wp-content\/uploads\/2025\/01\/certificate-high-quality.png\" alt=\"\" class=\"wp-image-513\" srcset=\"https:\/\/potatochipsproductionline.com\/wp-content\/uploads\/2025\/01\/certificate-high-quality.png 807w, https:\/\/potatochipsproductionline.com\/wp-content\/uploads\/2025\/01\/certificate-high-quality-300x132.png 300w, https:\/\/potatochipsproductionline.com\/wp-content\/uploads\/2025\/01\/certificate-high-quality-768x337.png 768w\" sizes=\"(max-width: 807px) 100vw, 807px\" \/><\/figure>\n\n<\/div><\/div>\n<\/div>\n<\/div>\n<\/div>\n<\/div>\n<\/div>\n\n<div class=\"gb-container gb-container-4b162d08\">\n<div class=\"gb-container gb-container-9dbd9daf\">\n<div class=\"gb-container gb-container-0ac21e59\">\n\n<h2 class=\"gb-headline gb-headline-a516856c gb-headline-text\">Kontaktieren Sie uns<\/h2>\n\n\n\n<div class=\"wp-block-contact-form-7-contact-form-selector\">\n<div class=\"wpcf7 no-js\" id=\"wpcf7-f112-o1\" lang=\"en-US\" dir=\"ltr\" data-wpcf7-id=\"112\">\n<div class=\"screen-reader-response\"><p role=\"status\" aria-live=\"polite\" aria-atomic=\"true\"><\/p> <ul><\/ul><\/div>\n<form action=\"\/de\/wp-json\/wp\/v2\/pages\/700#wpcf7-f112-o1\" method=\"post\" class=\"wpcf7-form init\" aria-label=\"Kontaktformular\" novalidate=\"novalidate\" data-status=\"init\" data-trp-original-action=\"\/de\/wp-json\/wp\/v2\/pages\/700#wpcf7-f112-o1\">\n<fieldset class=\"hidden-fields-container\"><input type=\"hidden\" name=\"_wpcf7\" value=\"112\" \/><input type=\"hidden\" name=\"_wpcf7_version\" value=\"6.1.5\" \/><input type=\"hidden\" name=\"_wpcf7_locale\" value=\"en_US\" \/><input type=\"hidden\" name=\"_wpcf7_unit_tag\" value=\"wpcf7-f112-o1\" \/><input type=\"hidden\" name=\"_wpcf7_container_post\" value=\"0\" \/><input type=\"hidden\" name=\"_wpcf7_posted_data_hash\" value=\"\" \/>\n<\/fieldset>\n<p><label><span class=\"wpcf7-form-control-wrap\" data-name=\"your-name\"><input size=\"40\" maxlength=\"400\" class=\"wpcf7-form-control wpcf7-text wpcf7-validates-as-required\" aria-required=\"true\" aria-invalid=\"false\" placeholder=\"Name*\" value=\"\" type=\"text\" name=\"your-name\" \/><\/span><\/label>\n<\/p>\n<p><label><span class=\"wpcf7-form-control-wrap\" data-name=\"your-email\"><input size=\"40\" maxlength=\"400\" class=\"wpcf7-form-control wpcf7-email wpcf7-validates-as-required wpcf7-text wpcf7-validates-as-email\" aria-required=\"true\" aria-invalid=\"false\" placeholder=\"E-Mail*\" value=\"\" type=\"email\" name=\"your-email\" \/><\/span><\/label>\n<\/p>\n<p><label><span class=\"wpcf7-form-control-wrap\" data-name=\"your-tel\"><input size=\"40\" maxlength=\"400\" class=\"wpcf7-form-control wpcf7-tel wpcf7-validates-as-required wpcf7-text wpcf7-validates-as-tel\" aria-required=\"true\" aria-invalid=\"false\" placeholder=\"Telefon*\" value=\"\" type=\"tel\" name=\"your-tel\" \/><\/span><\/label>\n<\/p>\n<p><label><span class=\"wpcf7-form-control-wrap\" data-name=\"your-message\"><textarea cols=\"40\" rows=\"10\" maxlength=\"2000\" class=\"wpcf7-form-control wpcf7-textarea wpcf7-validates-as-required\" aria-required=\"true\" aria-invalid=\"false\" placeholder=\"Nachricht*:1. Wie hoch ist Ihre Kapazit\u00e4t?2. Ihre erwarteten Endprodukte? (frische Kartoffelchips oder zusammengesetzte Kartoffelchips)\" name=\"your-message\"><\/textarea><\/span> <\/label>\n<\/p>\n<p><input class=\"wpcf7-form-control wpcf7-submit has-spinner\" type=\"submit\" value=\"Einreichen\" \/>\n<\/p><input type='hidden' class='wpcf7-pum' value='{\"closepopup\":false,\"closedelay\":0,\"openpopup\":false,\"openpopup_id\":0}' \/><div class=\"wpcf7-response-output\" aria-hidden=\"true\"><\/div>\n<input type=\"hidden\" name=\"trp-form-language\" value=\"de\"\/><\/form>\n<\/div>\n<\/div>\n\n<\/div>\n<\/div>\n<\/div>","protected":false},"excerpt":{"rendered":"<p>We Are Committed To Providing Potato Chips\u00a0Equipment Solutions To Many Factories Since its establishment in 1990, it has been focusing &#8230; <\/p>\n<p class=\"read-more-container\"><a title=\"\u00dcber uns\" class=\"read-more button\" href=\"https:\/\/potatochipsproductionline.com\/de\/about-us\/#more-700\" aria-label=\"Mehr Informationen \u00fcber About Us\">Weiterlesen \u2026<\/a><\/p>","protected":false},"author":1,"featured_media":0,"parent":0,"menu_order":0,"comment_status":"closed","ping_status":"closed","template":"","meta":{"footnotes":""},"class_list":{"0":"post-700","1":"page","2":"type-page","3":"status-publish","5":"no-featured-image-padding"},"_links":{"self":[{"href":"https:\/\/potatochipsproductionline.com\/de\/wp-json\/wp\/v2\/pages\/700","targetHints":{"allow":["GET"]}}],"collection":[{"href":"https:\/\/potatochipsproductionline.com\/de\/wp-json\/wp\/v2\/pages"}],"about":[{"href":"https:\/\/potatochipsproductionline.com\/de\/wp-json\/wp\/v2\/types\/page"}],"author":[{"embeddable":true,"href":"https:\/\/potatochipsproductionline.com\/de\/wp-json\/wp\/v2\/users\/1"}],"replies":[{"embeddable":true,"href":"https:\/\/potatochipsproductionline.com\/de\/wp-json\/wp\/v2\/comments?post=700"}],"version-history":[{"count":1,"href":"https:\/\/potatochipsproductionline.com\/de\/wp-json\/wp\/v2\/pages\/700\/revisions"}],"predecessor-version":[{"id":701,"href":"https:\/\/potatochipsproductionline.com\/de\/wp-json\/wp\/v2\/pages\/700\/revisions\/701"}],"wp:attachment":[{"href":"https:\/\/potatochipsproductionline.com\/de\/wp-json\/wp\/v2\/media?parent=700"}],"curies":[{"name":"wp","href":"https:\/\/api.w.org\/{rel}","templated":true}]}}