{"id":700,"date":"2025-01-23T17:05:32","date_gmt":"2025-01-23T09:05:32","guid":{"rendered":"https:\/\/potatochipsproductionline.com\/?page_id=700"},"modified":"2025-01-23T17:09:13","modified_gmt":"2025-01-23T09:09:13","slug":"about-us","status":"publish","type":"page","link":"https:\/\/potatochipsproductionline.com\/es\/about-us\/","title":{"rendered":"Sobre nosotros"},"content":{"rendered":"<div class=\"gb-container gb-container-d70d3d41\">\n<div class=\"gb-container gb-container-fbce4224\">\n<div class=\"gb-container gb-container-6544843b\">\n\n<h2 class=\"gb-headline gb-headline-c67b1d25 gb-headline-text\">Nos comprometemos a proporcionar soluciones de equipos para patatas fritas a muchas f\u00e1bricas<\/h2>\n\n\n\n<p>Desde su fundaci\u00f3n en 1990, se ha centrado en la fabricaci\u00f3n de equipos para la producci\u00f3n de patatas fritas. Gracias a su entusiasmo por la fabricaci\u00f3n de maquinaria alimentaria, se ha convertido en un l\u00edder de la industria insistiendo en la investigaci\u00f3n y el desarrollo de tecnolog\u00eda, la optimizaci\u00f3n de los procesos de producci\u00f3n y el conocimiento de las necesidades de los clientes, y ha contribuido al desarrollo de la industria mundial de las patatas fritas.<\/p>\n\n\n\n<h2 class=\"gb-headline gb-headline-8d4532e5 gb-headline-text\">Avanzando: una s\u00f3lida huella de crecimiento<\/h2>\n\n\n\n<p>En 1992:<\/p>\n\n\n\n<p>Se lanz\u00f3 con \u00e9xito la primera generaci\u00f3n de equipos de l\u00ednea de producci\u00f3n de papas fritas. Con su rendimiento estable y precio razonable, r\u00e1pidamente se gan\u00f3 el favor de algunos peque\u00f1os fabricantes nacionales de papas fritas, sentando una base s\u00f3lida para que la empresa se afiance en el mercado.<\/p>\n\n\n\n<p>En 1995:<\/p>\n\n\n\n<p>Se lanz\u00f3 la segunda generaci\u00f3n de la l\u00ednea de producci\u00f3n de papas fritas y se introdujeron sistemas avanzados de control autom\u00e1tico, lo que mejor\u00f3 enormemente la eficiencia de producci\u00f3n. Despu\u00e9s del lanzamiento del nuevo producto, no solo brill\u00f3 en el mercado nacional, sino que tambi\u00e9n atrajo la atenci\u00f3n de algunos clientes extranjeros, dando con \u00e9xito el primer paso en la expansi\u00f3n del mercado internacional.<\/p>\n\n\n\n<p>En el a\u00f1o 2000:<\/p>\n\n\n\n<p>La tecnolog\u00eda de fritura con separaci\u00f3n de aceite y agua fue desarrollada para satisfacer las necesidades de salud de los consumidores.<\/p>\n\n\n\n<p>En 2002:<\/p>\n\n\n\n<p>Se cre\u00f3 un equipo personalizado para crear una l\u00ednea de producci\u00f3n flexible que se pueda personalizar seg\u00fan las necesidades especiales de los clientes. Ya sea la forma, el sabor o el empaque de las papas fritas, se puede personalizar.<\/p>\n\n\n\n<p>En 2005:<\/p>\n\n\n\n<p>Hemos establecido relaciones de cooperaci\u00f3n estables y duraderas con universidades e instituciones de investigaci\u00f3n cient\u00edfica de renombre para acelerar la transformaci\u00f3n de los resultados de la investigaci\u00f3n cient\u00edfica. El mapa del mercado contin\u00faa expandi\u00e9ndose y convirti\u00e9ndose en una empresa internacional.<\/p>\n\n\n\n<p>Desde su primera f\u00e1brica regional, ha ido creciendo hasta convertirse en una empresa internacional con presencia en todo el pa\u00eds y numerosos clientes en Europa, Am\u00e9rica, el sudeste asi\u00e1tico, Oriente Medio y otras regiones. En este proceso, cada innovaci\u00f3n tecnol\u00f3gica, cada lanzamiento de un nuevo producto y cada avance en el mercado condensan la sabidur\u00eda y el sudor de todos los empleados y se convierten en una huella s\u00f3lida en el camino de crecimiento de la empresa.<\/p>\n\n\n\n<h2 class=\"gb-headline gb-headline-21da6266 gb-headline-text\">Excelente proceso de fabricaci\u00f3n<\/h2>\n\n\n\n<p><strong>Procesamiento de piezas<\/strong><\/p>\n\n\n\n<p>Confiando en la fabricaci\u00f3n de precisi\u00f3n del centro de mecanizado CNC, utilizando robots de soldadura de precisi\u00f3n para garantizar la estabilidad y durabilidad del equipo.<\/p>\n\n\n\n<p><strong>Montaje de m\u00e1quinas<\/strong><\/p>\n\n\n\n<p>Operarios de montaje experimentados y sistemas de montaje inteligentes trabajan juntos.<\/p>\n\n\n\n<p><strong>Control de calidad<\/strong><\/p>\n\n\n\n<p>Con un estricto y completo sistema de gesti\u00f3n de calidad, equipado con equipos de pruebas avanzados.<\/p>\n\n\n\n<p><strong>Innovaci\u00f3n y emprendimiento<\/strong><\/p>\n\n\n\n<p>El equipo de I+D tiene una gran creatividad y eficacia en el combate, se mantiene al d\u00eda con la tecnolog\u00eda de vanguardia internacional e innova continuamente en combinaci\u00f3n con la demanda del mercado.<\/p>\n\n\n\n<h2 class=\"gb-headline gb-headline-8fa6364f gb-headline-text\">Nuestros servicios<\/h2>\n\n\n\n<p><strong>Servicio de pre-venta<\/strong><\/p>\n\n\n\n<p>Equipo profesional de investigaci\u00f3n de mercado y planificaci\u00f3n de proyectos, ya sea la construcci\u00f3n de una nueva planta o la modernizaci\u00f3n de una planta antigua, podemos comprender profundamente sus necesidades, desde la selecci\u00f3n de la l\u00ednea de producci\u00f3n, el dise\u00f1o del dise\u00f1o del taller, la optimizaci\u00f3n del proceso y otras dimensiones, adapte la soluci\u00f3n m\u00e1s adecuada para usted.<\/p>\n\n\n\n<p><strong>Servicio de ventas<\/strong><\/p>\n\n\n\n<p>El equipo de instalaci\u00f3n y puesta en marcha t\u00e9cnicamente sofisticado garantiza que su l\u00ednea de producci\u00f3n alcance el mejor estado operativo.<\/p>\n\n\n\n<p><strong>Servicio postventa<\/strong><\/p>\n\n\n\n<p>Una red global de servicio posventa para resolver sus inquietudes.<\/p>\n\n\n\n<h2 class=\"gb-headline gb-headline-2f07a5dc gb-headline-text\">Honores y certificados<\/h2>\n\n\n\n<p>En los a\u00f1os de arduo trabajo, hemos ganado un amplio reconocimiento dentro y fuera de la industria con nuestra excelente capacidad t\u00e9cnica, excelente calidad de productos y sistema de servicio de alta calidad, y hemos ganado muchos honores. Estos certificados honorarios no solo son una afirmaci\u00f3n de los logros pasados de la empresa, sino tambi\u00e9n una fuente de motivaci\u00f3n para que todos los empleados sigan avanzando.<\/p>\n\n\n\n<p>Obtuvo los t\u00edtulos de \u201cEmpresa Nacional de Alta Tecnolog\u00eda\u201d, \u201cEmpresa Provincial Especializada y Nueva\u201d, \u201cEmpresa Municipal de Demostraci\u00f3n de Innovaci\u00f3n en Ciencia y Tecnolog\u00eda\u201d, etc.<\/p>\n\n\n\n<p>Aprob\u00f3 la certificaci\u00f3n del sistema de gesti\u00f3n de calidad ISO 9001, la certificaci\u00f3n del sistema de gesti\u00f3n ambiental ISO 14001, la certificaci\u00f3n del sistema de gesti\u00f3n de seguridad y salud ocupacional ISO 45001, la certificaci\u00f3n del sistema de gesti\u00f3n de seguridad alimentaria HACCP y muchas otras certificaciones autorizadas internacionales.<\/p>\n\n\n\n<p>Primer Premio a la Innovaci\u00f3n Tecnol\u00f3gica<\/p>\n\n\n<div class=\"gb-container gb-container-242fd4c2\">\n<div class=\"gb-grid-wrapper gb-grid-wrapper-8b64ea66\">\n<div class=\"gb-grid-column gb-grid-column-2aaded06\"><div class=\"gb-container gb-container-2aaded06\">\n\n<figure class=\"wp-block-image size-full\"><img decoding=\"async\" width=\"807\" height=\"354\" src=\"https:\/\/potatochipsproductionline.com\/wp-content\/uploads\/2025\/01\/certificate-CE.png\" alt=\"\" class=\"wp-image-512\" srcset=\"https:\/\/potatochipsproductionline.com\/wp-content\/uploads\/2025\/01\/certificate-CE.png 807w, https:\/\/potatochipsproductionline.com\/wp-content\/uploads\/2025\/01\/certificate-CE-300x132.png 300w, https:\/\/potatochipsproductionline.com\/wp-content\/uploads\/2025\/01\/certificate-CE-768x337.png 768w\" sizes=\"(max-width: 807px) 100vw, 807px\" \/><\/figure>\n\n<\/div><\/div>\n\n<div class=\"gb-grid-column gb-grid-column-999ab689\"><div class=\"gb-container gb-container-999ab689\">\n\n<figure class=\"wp-block-image size-full\"><img decoding=\"async\" width=\"807\" height=\"354\" src=\"https:\/\/potatochipsproductionline.com\/wp-content\/uploads\/2025\/01\/certificate-high-quality.png\" alt=\"\" class=\"wp-image-513\" srcset=\"https:\/\/potatochipsproductionline.com\/wp-content\/uploads\/2025\/01\/certificate-high-quality.png 807w, https:\/\/potatochipsproductionline.com\/wp-content\/uploads\/2025\/01\/certificate-high-quality-300x132.png 300w, https:\/\/potatochipsproductionline.com\/wp-content\/uploads\/2025\/01\/certificate-high-quality-768x337.png 768w\" sizes=\"(max-width: 807px) 100vw, 807px\" \/><\/figure>\n\n<\/div><\/div>\n<\/div>\n<\/div>\n<\/div>\n<\/div>\n<\/div>\n\n<div class=\"gb-container gb-container-4b162d08\">\n<div class=\"gb-container gb-container-9dbd9daf\">\n<div class=\"gb-container gb-container-0ac21e59\">\n\n<h2 class=\"gb-headline gb-headline-a516856c gb-headline-text\">Cont\u00e1ctenos<\/h2>\n\n\n\n<div class=\"wp-block-contact-form-7-contact-form-selector\">\n<div class=\"wpcf7 no-js\" id=\"wpcf7-f112-o1\" lang=\"en-US\" dir=\"ltr\" data-wpcf7-id=\"112\">\n<div class=\"screen-reader-response\"><p role=\"status\" aria-live=\"polite\" aria-atomic=\"true\"><\/p> <ul><\/ul><\/div>\n<form action=\"\/es\/wp-json\/wp\/v2\/pages\/700#wpcf7-f112-o1\" method=\"post\" class=\"wpcf7-form init\" aria-label=\"Formulario de contacto\" novalidate=\"novalidate\" data-status=\"init\" data-trp-original-action=\"\/es\/wp-json\/wp\/v2\/pages\/700#wpcf7-f112-o1\">\n<fieldset class=\"hidden-fields-container\"><input type=\"hidden\" name=\"_wpcf7\" value=\"112\" \/><input type=\"hidden\" name=\"_wpcf7_version\" value=\"6.1.5\" \/><input type=\"hidden\" name=\"_wpcf7_locale\" value=\"en_US\" \/><input type=\"hidden\" name=\"_wpcf7_unit_tag\" value=\"wpcf7-f112-o1\" \/><input type=\"hidden\" name=\"_wpcf7_container_post\" value=\"0\" \/><input type=\"hidden\" name=\"_wpcf7_posted_data_hash\" value=\"\" \/>\n<\/fieldset>\n<p><label><span class=\"wpcf7-form-control-wrap\" data-name=\"your-name\"><input size=\"40\" maxlength=\"400\" class=\"wpcf7-form-control wpcf7-text wpcf7-validates-as-required\" aria-required=\"true\" aria-invalid=\"false\" placeholder=\"Nombre*\" value=\"\" type=\"text\" name=\"your-name\" \/><\/span><\/label>\n<\/p>\n<p><label><span class=\"wpcf7-form-control-wrap\" data-name=\"your-email\"><input size=\"40\" maxlength=\"400\" class=\"wpcf7-form-control wpcf7-email wpcf7-validates-as-required wpcf7-text wpcf7-validates-as-email\" aria-required=\"true\" aria-invalid=\"false\" placeholder=\"Correo electr\u00f3nico*\" value=\"\" type=\"email\" name=\"your-email\" \/><\/span><\/label>\n<\/p>\n<p><label><span class=\"wpcf7-form-control-wrap\" data-name=\"your-tel\"><input size=\"40\" maxlength=\"400\" class=\"wpcf7-form-control wpcf7-tel wpcf7-validates-as-required wpcf7-text wpcf7-validates-as-tel\" aria-required=\"true\" aria-invalid=\"false\" placeholder=\"Tel\u00e9fono*\" value=\"\" type=\"tel\" name=\"your-tel\" \/><\/span><\/label>\n<\/p>\n<p><label><span class=\"wpcf7-form-control-wrap\" data-name=\"your-message\"><textarea cols=\"40\" rows=\"10\" maxlength=\"2000\" class=\"wpcf7-form-control wpcf7-textarea wpcf7-validates-as-required\" aria-required=\"true\" aria-invalid=\"false\" placeholder=\"Mensaje*:1. \u00bfCu\u00e1l es su capacidad?2. \u00bfQu\u00e9 productos terminados espera obtener? (papas fritas frescas o papas fritas compuestas)\" name=\"your-message\"><\/textarea><\/span> <\/label>\n<\/p>\n<p><input class=\"wpcf7-form-control wpcf7-submit has-spinner\" type=\"submit\" value=\"Entregar\" \/>\n<\/p><input type='hidden' class='wpcf7-pum' value='{\"closepopup\":false,\"closedelay\":0,\"openpopup\":false,\"openpopup_id\":0}' \/><div class=\"wpcf7-response-output\" aria-hidden=\"true\"><\/div>\n<input type=\"hidden\" name=\"trp-form-language\" value=\"es\"\/><\/form>\n<\/div>\n<\/div>\n\n<\/div>\n<\/div>\n<\/div>","protected":false},"excerpt":{"rendered":"<p>We Are Committed To Providing Potato Chips\u00a0Equipment Solutions To Many Factories Since its establishment in 1990, it has been focusing &#8230; <\/p>\n<p class=\"read-more-container\"><a title=\"Sobre nosotros\" class=\"read-more button\" href=\"https:\/\/potatochipsproductionline.com\/es\/about-us\/#more-700\" aria-label=\"Leer m\u00e1s sobre About Us\">Leer m\u00e1s<\/a><\/p>","protected":false},"author":1,"featured_media":0,"parent":0,"menu_order":0,"comment_status":"closed","ping_status":"closed","template":"","meta":{"footnotes":""},"class_list":{"0":"post-700","1":"page","2":"type-page","3":"status-publish","5":"no-featured-image-padding"},"_links":{"self":[{"href":"https:\/\/potatochipsproductionline.com\/es\/wp-json\/wp\/v2\/pages\/700","targetHints":{"allow":["GET"]}}],"collection":[{"href":"https:\/\/potatochipsproductionline.com\/es\/wp-json\/wp\/v2\/pages"}],"about":[{"href":"https:\/\/potatochipsproductionline.com\/es\/wp-json\/wp\/v2\/types\/page"}],"author":[{"embeddable":true,"href":"https:\/\/potatochipsproductionline.com\/es\/wp-json\/wp\/v2\/users\/1"}],"replies":[{"embeddable":true,"href":"https:\/\/potatochipsproductionline.com\/es\/wp-json\/wp\/v2\/comments?post=700"}],"version-history":[{"count":1,"href":"https:\/\/potatochipsproductionline.com\/es\/wp-json\/wp\/v2\/pages\/700\/revisions"}],"predecessor-version":[{"id":701,"href":"https:\/\/potatochipsproductionline.com\/es\/wp-json\/wp\/v2\/pages\/700\/revisions\/701"}],"wp:attachment":[{"href":"https:\/\/potatochipsproductionline.com\/es\/wp-json\/wp\/v2\/media?parent=700"}],"curies":[{"name":"wp","href":"https:\/\/api.w.org\/{rel}","templated":true}]}}