{"id":700,"date":"2025-01-23T17:05:32","date_gmt":"2025-01-23T09:05:32","guid":{"rendered":"https:\/\/potatochipsproductionline.com\/?page_id=700"},"modified":"2025-01-23T17:09:13","modified_gmt":"2025-01-23T09:09:13","slug":"about-us","status":"publish","type":"page","link":"https:\/\/potatochipsproductionline.com\/fr\/about-us\/","title":{"rendered":"\u00c0 propos de nous"},"content":{"rendered":"<div class=\"gb-container gb-container-d70d3d41\">\n<div class=\"gb-container gb-container-fbce4224\">\n<div class=\"gb-container gb-container-6544843b\">\n\n<h2 class=\"gb-headline gb-headline-c67b1d25 gb-headline-text\">Nous nous engageons \u00e0 fournir des solutions d&#039;\u00e9quipement pour les chips de pommes de terre \u00e0 de nombreuses usines<\/h2>\n\n\n\n<p>Depuis sa cr\u00e9ation en 1990, elle se consacre \u00e0 la fabrication d&#039;\u00e9quipements de production de chips de pommes de terre. Gr\u00e2ce \u00e0 son enthousiasme pour la fabrication de machines alimentaires, elle est devenue un leader du secteur en insistant sur la recherche et le d\u00e9veloppement technologiques, l&#039;optimisation des processus de production et la connaissance des besoins des clients, et a contribu\u00e9 au d\u00e9veloppement de l&#039;industrie mondiale des chips de pommes de terre.<\/p>\n\n\n\n<h2 class=\"gb-headline gb-headline-8d4532e5 gb-headline-text\">Aller de l&#039;avant : une solide empreinte de croissance<\/h2>\n\n\n\n<p>En 1992 :<\/p>\n\n\n\n<p>La premi\u00e8re g\u00e9n\u00e9ration d&#039;\u00e9quipements de production de chips de pomme de terre a \u00e9t\u00e9 lanc\u00e9e avec succ\u00e8s. Gr\u00e2ce \u00e0 ses performances stables et \u00e0 son prix raisonnable, elle a rapidement gagn\u00e9 la faveur de certains petits fabricants nationaux de chips de pomme de terre, posant ainsi une base solide pour que l&#039;entreprise puisse prendre pied sur le march\u00e9.<\/p>\n\n\n\n<p>En 1995 :<\/p>\n\n\n\n<p>La deuxi\u00e8me g\u00e9n\u00e9ration de ligne de production de chips de pomme de terre a \u00e9t\u00e9 lanc\u00e9e et des syst\u00e8mes de contr\u00f4le automatique avanc\u00e9s ont \u00e9t\u00e9 introduits, ce qui a consid\u00e9rablement am\u00e9lior\u00e9 l&#039;efficacit\u00e9 de la production. Apr\u00e8s le lancement du nouveau produit, il a non seulement brill\u00e9 sur le march\u00e9 int\u00e9rieur, mais a \u00e9galement attir\u00e9 l&#039;attention de certains clients \u00e9trangers, franchissant avec succ\u00e8s la premi\u00e8re \u00e9tape de l&#039;expansion du march\u00e9 international.<\/p>\n\n\n\n<p>En 2000 :<\/p>\n\n\n\n<p>La technologie de friture par s\u00e9paration huile-eau a \u00e9t\u00e9 d\u00e9velopp\u00e9e pour r\u00e9pondre aux besoins de sant\u00e9 des consommateurs.<\/p>\n\n\n\n<p>En 2002 :<\/p>\n\n\n\n<p>Une \u00e9quipe sur mesure a \u00e9t\u00e9 constitu\u00e9e pour cr\u00e9er une ligne de production flexible qui peut \u00eatre personnalis\u00e9e en fonction des besoins sp\u00e9cifiques des clients. Qu&#039;il s&#039;agisse de la forme, du go\u00fbt ou de l&#039;emballage des chips, tout peut \u00eatre personnalis\u00e9.<\/p>\n\n\n\n<p>En 2005 :<\/p>\n\n\n\n<p>Nous avons \u00e9tabli des relations de coop\u00e9ration stables et \u00e0 long terme avec des universit\u00e9s et des institutions de recherche scientifique renomm\u00e9es pour acc\u00e9l\u00e9rer la transformation des r\u00e9sultats de la recherche scientifique. La carte du march\u00e9 continue de s&#039;\u00e9tendre et de devenir une entreprise internationale.<\/p>\n\n\n\n<p>D&#039;une petite usine r\u00e9gionale au d\u00e9part, elle est progressivement devenue une entreprise internationale dont les activit\u00e9s couvrent tout le pays et comptent de nombreux clients en Europe, en Am\u00e9rique, en Asie du Sud-Est, au Moyen-Orient et dans d&#039;autres r\u00e9gions. Au cours de ce processus, chaque innovation technologique, chaque lancement de nouveau produit et chaque perc\u00e9e sur le march\u00e9 condensent la sagesse et la sueur de tous les employ\u00e9s et deviennent une empreinte solide sur le chemin de croissance de l&#039;entreprise.<\/p>\n\n\n\n<h2 class=\"gb-headline gb-headline-21da6266 gb-headline-text\">Excellent processus de fabrication<\/h2>\n\n\n\n<p><strong>Traitement des pi\u00e8ces<\/strong><\/p>\n\n\n\n<p>S&#039;appuyant sur une fabrication de pr\u00e9cision par centre d&#039;usinage CNC, utilisant des robots de soudage de pr\u00e9cision pour assurer la stabilit\u00e9 et la durabilit\u00e9 de l&#039;\u00e9quipement.<\/p>\n\n\n\n<p><strong>Assemblage de machines<\/strong><\/p>\n\n\n\n<p>Des ouvriers d&#039;assemblage exp\u00e9riment\u00e9s et des syst\u00e8mes d&#039;assemblage intelligents travaillent ensemble.<\/p>\n\n\n\n<p><strong>Contr\u00f4le de qualit\u00e9<\/strong><\/p>\n\n\n\n<p>Avec un syst\u00e8me de gestion de la qualit\u00e9 strict et complet, \u00e9quip\u00e9 d&#039;\u00e9quipements de test avanc\u00e9s.<\/p>\n\n\n\n<p><strong>Innovation et entreprenariat<\/strong><\/p>\n\n\n\n<p>L&#039;\u00e9quipe de R&amp;D dispose d&#039;une forte cr\u00e9ativit\u00e9 et d&#039;une grande efficacit\u00e9 au combat, se tient au courant des technologies de pointe internationales et innove en permanence en fonction de la demande du march\u00e9.<\/p>\n\n\n\n<h2 class=\"gb-headline gb-headline-8fa6364f gb-headline-text\">Nos services<\/h2>\n\n\n\n<p><strong>Service avant-vente<\/strong><\/p>\n\n\n\n<p>\u00c9quipe professionnelle d&#039;\u00e9tudes de march\u00e9 et de planification de projets, qu&#039;il s&#039;agisse de la construction d&#039;une nouvelle usine ou de la modernisation d&#039;une ancienne usine, nous pouvons comprendre en profondeur vos besoins, depuis la s\u00e9lection de la ligne de production, la conception de l&#039;am\u00e9nagement de l&#039;atelier, l&#039;optimisation des processus et d&#039;autres dimensions, personnaliser la solution la plus adapt\u00e9e pour vous.<\/p>\n\n\n\n<p><strong>Service de vente<\/strong><\/p>\n\n\n\n<p>L&#039;\u00e9quipe d&#039;installation et de mise en service techniquement sophistiqu\u00e9e garantit que votre ligne de production atteigne le meilleur \u00e9tat de fonctionnement.<\/p>\n\n\n\n<p><strong>Service apr\u00e8s-vente<\/strong><\/p>\n\n\n\n<p>Un r\u00e9seau mondial de service apr\u00e8s-vente pour r\u00e9soudre vos soucis.<\/p>\n\n\n\n<h2 class=\"gb-headline gb-headline-2f07a5dc gb-headline-text\">Honneurs et certificats<\/h2>\n\n\n\n<p>Au cours de ces ann\u00e9es de travail acharn\u00e9, nous avons acquis une large reconnaissance \u00e0 l&#039;int\u00e9rieur et \u00e0 l&#039;ext\u00e9rieur de l&#039;industrie gr\u00e2ce \u00e0 notre excellente force technique, \u00e0 notre excellente qualit\u00e9 de produit et \u00e0 notre syst\u00e8me de service de haute qualit\u00e9, et avons remport\u00e9 de nombreux honneurs. Ces certificats honorifiques ne sont pas seulement une confirmation des r\u00e9alisations pass\u00e9es de l&#039;entreprise, mais aussi une source de motivation pour tous les employ\u00e9s pour continuer \u00e0 aller de l&#039;avant.<\/p>\n\n\n\n<p>Elle a remport\u00e9 les titres d&#039;\u00ab Entreprise nationale de haute technologie \u00bb, d&#039;\u00ab Entreprise provinciale sp\u00e9cialis\u00e9e et nouvelle \u00bb, d&#039;\u00ab Entreprise municipale de d\u00e9monstration d&#039;innovation scientifique et technologique \u00bb, etc.<\/p>\n\n\n\n<p>A obtenu la certification du syst\u00e8me de gestion de la qualit\u00e9 ISO 9001, la certification du syst\u00e8me de gestion de l&#039;environnement ISO 14001, la certification du syst\u00e8me de gestion de la sant\u00e9 et de la s\u00e9curit\u00e9 au travail ISO 45001, la certification du syst\u00e8me de gestion de la s\u00e9curit\u00e9 alimentaire HACCP et de nombreuses autres certifications internationales faisant autorit\u00e9.<\/p>\n\n\n\n<p>Premier Prix de l&#039;Innovation Technologique<\/p>\n\n\n<div class=\"gb-container gb-container-242fd4c2\">\n<div class=\"gb-grid-wrapper gb-grid-wrapper-8b64ea66\">\n<div class=\"gb-grid-column gb-grid-column-2aaded06\"><div class=\"gb-container gb-container-2aaded06\">\n\n<figure class=\"wp-block-image size-full\"><img decoding=\"async\" width=\"807\" height=\"354\" src=\"https:\/\/potatochipsproductionline.com\/wp-content\/uploads\/2025\/01\/certificate-CE.png\" alt=\"\" class=\"wp-image-512\" srcset=\"https:\/\/potatochipsproductionline.com\/wp-content\/uploads\/2025\/01\/certificate-CE.png 807w, https:\/\/potatochipsproductionline.com\/wp-content\/uploads\/2025\/01\/certificate-CE-300x132.png 300w, https:\/\/potatochipsproductionline.com\/wp-content\/uploads\/2025\/01\/certificate-CE-768x337.png 768w\" sizes=\"(max-width: 807px) 100vw, 807px\" \/><\/figure>\n\n<\/div><\/div>\n\n<div class=\"gb-grid-column gb-grid-column-999ab689\"><div class=\"gb-container gb-container-999ab689\">\n\n<figure class=\"wp-block-image size-full\"><img decoding=\"async\" width=\"807\" height=\"354\" src=\"https:\/\/potatochipsproductionline.com\/wp-content\/uploads\/2025\/01\/certificate-high-quality.png\" alt=\"\" class=\"wp-image-513\" srcset=\"https:\/\/potatochipsproductionline.com\/wp-content\/uploads\/2025\/01\/certificate-high-quality.png 807w, https:\/\/potatochipsproductionline.com\/wp-content\/uploads\/2025\/01\/certificate-high-quality-300x132.png 300w, https:\/\/potatochipsproductionline.com\/wp-content\/uploads\/2025\/01\/certificate-high-quality-768x337.png 768w\" sizes=\"(max-width: 807px) 100vw, 807px\" \/><\/figure>\n\n<\/div><\/div>\n<\/div>\n<\/div>\n<\/div>\n<\/div>\n<\/div>\n\n<div class=\"gb-container gb-container-4b162d08\">\n<div class=\"gb-container gb-container-9dbd9daf\">\n<div class=\"gb-container gb-container-0ac21e59\">\n\n<h2 class=\"gb-headline gb-headline-a516856c gb-headline-text\">Contactez-nous<\/h2>\n\n\n\n<div class=\"wp-block-contact-form-7-contact-form-selector\">\n<div class=\"wpcf7 no-js\" id=\"wpcf7-f112-o1\" lang=\"en-US\" dir=\"ltr\" data-wpcf7-id=\"112\">\n<div class=\"screen-reader-response\"><p role=\"status\" aria-live=\"polite\" aria-atomic=\"true\"><\/p> <ul><\/ul><\/div>\n<form action=\"\/fr\/wp-json\/wp\/v2\/pages\/700#wpcf7-f112-o1\" method=\"post\" class=\"wpcf7-form init\" aria-label=\"Formulaire de contact\" novalidate=\"novalidate\" data-status=\"init\" data-trp-original-action=\"\/fr\/wp-json\/wp\/v2\/pages\/700#wpcf7-f112-o1\">\n<fieldset class=\"hidden-fields-container\"><input type=\"hidden\" name=\"_wpcf7\" value=\"112\" \/><input type=\"hidden\" name=\"_wpcf7_version\" value=\"6.1.5\" \/><input type=\"hidden\" name=\"_wpcf7_locale\" value=\"en_US\" \/><input type=\"hidden\" name=\"_wpcf7_unit_tag\" value=\"wpcf7-f112-o1\" \/><input type=\"hidden\" name=\"_wpcf7_container_post\" value=\"0\" \/><input type=\"hidden\" name=\"_wpcf7_posted_data_hash\" value=\"\" \/>\n<\/fieldset>\n<p><label><span class=\"wpcf7-form-control-wrap\" data-name=\"your-name\"><input size=\"40\" maxlength=\"400\" class=\"wpcf7-form-control wpcf7-text wpcf7-validates-as-required\" aria-required=\"true\" aria-invalid=\"false\" placeholder=\"Nom*\" value=\"\" type=\"text\" name=\"your-name\" \/><\/span><\/label>\n<\/p>\n<p><label><span class=\"wpcf7-form-control-wrap\" data-name=\"your-email\"><input size=\"40\" maxlength=\"400\" class=\"wpcf7-form-control wpcf7-email wpcf7-validates-as-required wpcf7-text wpcf7-validates-as-email\" aria-required=\"true\" aria-invalid=\"false\" placeholder=\"E-mail*\" value=\"\" type=\"email\" name=\"your-email\" \/><\/span><\/label>\n<\/p>\n<p><label><span class=\"wpcf7-form-control-wrap\" data-name=\"your-tel\"><input size=\"40\" maxlength=\"400\" class=\"wpcf7-form-control wpcf7-tel wpcf7-validates-as-required wpcf7-text wpcf7-validates-as-tel\" aria-required=\"true\" aria-invalid=\"false\" placeholder=\"T\u00e9l\u00e9phone*\" value=\"\" type=\"tel\" name=\"your-tel\" \/><\/span><\/label>\n<\/p>\n<p><label><span class=\"wpcf7-form-control-wrap\" data-name=\"your-message\"><textarea cols=\"40\" rows=\"10\" maxlength=\"2000\" class=\"wpcf7-form-control wpcf7-textarea wpcf7-validates-as-required\" aria-required=\"true\" aria-invalid=\"false\" placeholder=\"Message* :1. Quelle est votre capacit\u00e9 ?2. Quels produits finis attendez-vous ? (chips fra\u00eeches ou chips compos\u00e9es)\" name=\"your-message\"><\/textarea><\/span> <\/label>\n<\/p>\n<p><input class=\"wpcf7-form-control wpcf7-submit has-spinner\" type=\"submit\" value=\"Soumettre\" \/>\n<\/p><input type='hidden' class='wpcf7-pum' value='{\"closepopup\":false,\"closedelay\":0,\"openpopup\":false,\"openpopup_id\":0}' \/><div class=\"wpcf7-response-output\" aria-hidden=\"true\"><\/div>\n<input type=\"hidden\" name=\"trp-form-language\" value=\"fr\"\/><\/form>\n<\/div>\n<\/div>\n\n<\/div>\n<\/div>\n<\/div>","protected":false},"excerpt":{"rendered":"<p>We Are Committed To Providing Potato Chips\u00a0Equipment Solutions To Many Factories Since its establishment in 1990, it has been focusing &#8230; <\/p>\n<p class=\"read-more-container\"><a title=\"\u00c0 propos de nous\" class=\"read-more button\" href=\"https:\/\/potatochipsproductionline.com\/fr\/about-us\/#more-700\" aria-label=\"En savoir plus sur About Us\">Lire la suite<\/a><\/p>","protected":false},"author":1,"featured_media":0,"parent":0,"menu_order":0,"comment_status":"closed","ping_status":"closed","template":"","meta":{"footnotes":""},"class_list":{"0":"post-700","1":"page","2":"type-page","3":"status-publish","5":"no-featured-image-padding"},"_links":{"self":[{"href":"https:\/\/potatochipsproductionline.com\/fr\/wp-json\/wp\/v2\/pages\/700","targetHints":{"allow":["GET"]}}],"collection":[{"href":"https:\/\/potatochipsproductionline.com\/fr\/wp-json\/wp\/v2\/pages"}],"about":[{"href":"https:\/\/potatochipsproductionline.com\/fr\/wp-json\/wp\/v2\/types\/page"}],"author":[{"embeddable":true,"href":"https:\/\/potatochipsproductionline.com\/fr\/wp-json\/wp\/v2\/users\/1"}],"replies":[{"embeddable":true,"href":"https:\/\/potatochipsproductionline.com\/fr\/wp-json\/wp\/v2\/comments?post=700"}],"version-history":[{"count":1,"href":"https:\/\/potatochipsproductionline.com\/fr\/wp-json\/wp\/v2\/pages\/700\/revisions"}],"predecessor-version":[{"id":701,"href":"https:\/\/potatochipsproductionline.com\/fr\/wp-json\/wp\/v2\/pages\/700\/revisions\/701"}],"wp:attachment":[{"href":"https:\/\/potatochipsproductionline.com\/fr\/wp-json\/wp\/v2\/media?parent=700"}],"curies":[{"name":"wp","href":"https:\/\/api.w.org\/{rel}","templated":true}]}}