{"id":700,"date":"2025-01-23T17:05:32","date_gmt":"2025-01-23T09:05:32","guid":{"rendered":"https:\/\/potatochipsproductionline.com\/?page_id=700"},"modified":"2025-01-23T17:09:13","modified_gmt":"2025-01-23T09:09:13","slug":"about-us","status":"publish","type":"page","link":"https:\/\/potatochipsproductionline.com\/it\/about-us\/","title":{"rendered":"Chi siamo"},"content":{"rendered":"<div class=\"gb-container gb-container-d70d3d41\">\n<div class=\"gb-container gb-container-fbce4224\">\n<div class=\"gb-container gb-container-6544843b\">\n\n<h2 class=\"gb-headline gb-headline-c67b1d25 gb-headline-text\">Ci impegniamo a fornire soluzioni per attrezzature per patatine fritte a molte fabbriche<\/h2>\n\n\n\n<p>Sin dalla sua fondazione nel 1990, si \u00e8 concentrata sulla produzione di attrezzature per linee di produzione di patatine fritte. Con il suo entusiasmo per la produzione di macchinari alimentari, \u00e8 cresciuta fino a diventare un leader del settore insistendo sulla ricerca e sviluppo tecnologico, ottimizzando i processi di produzione e la comprensione delle esigenze dei clienti, e ha contribuito allo sviluppo dell&#039;industria globale delle patatine fritte.<\/p>\n\n\n\n<h2 class=\"gb-headline gb-headline-8d4532e5 gb-headline-text\">Andare avanti: una solida impronta di crescita<\/h2>\n\n\n\n<p>Nel 1992:<\/p>\n\n\n\n<p>La prima generazione di attrezzature per la produzione di patatine fritte \u00e8 stata lanciata con successo. Grazie alle sue prestazioni stabili e al prezzo ragionevole, ha rapidamente conquistato il favore di alcuni piccoli produttori nazionali di patatine fritte, gettando solide basi per l&#039;azienda per affermarsi sul mercato.<\/p>\n\n\n\n<p>Nel 1995:<\/p>\n\n\n\n<p>\u00c8 stata lanciata la seconda generazione di linea di produzione di patatine fritte e sono stati introdotti sistemi di controllo automatico avanzati, che hanno notevolmente migliorato l&#039;efficienza produttiva. Dopo il lancio del nuovo prodotto, non solo ha brillato nel mercato nazionale, ma ha anche attirato l&#039;attenzione di alcuni clienti esteri, compiendo con successo il primo passo nell&#039;espansione del mercato internazionale.<\/p>\n\n\n\n<p>Nel 2000:<\/p>\n\n\n\n<p>La tecnologia di frittura con separazione olio-acqua \u00e8 stata sviluppata per soddisfare le esigenze di salute dei consumatori.<\/p>\n\n\n\n<p>Nel 2002:<\/p>\n\n\n\n<p>\u00c8 stato creato un team personalizzato per creare una linea di produzione flessibile che pu\u00f2 essere personalizzata in base alle esigenze specifiche dei clienti. Che si tratti della forma, del gusto o del confezionamento delle patatine, tutto pu\u00f2 essere personalizzato.<\/p>\n\n\n\n<p>Nel 2005:<\/p>\n\n\n\n<p>Abbiamo instaurato relazioni di cooperazione stabili e a lungo termine con note universit\u00e0 e istituti di ricerca scientifica per accelerare la trasformazione dei risultati della ricerca scientifica. La mappa del mercato continua ad espandersi e a diventare un&#039;impresa internazionale.<\/p>\n\n\n\n<p>Da piccola fabbrica regionale iniziale, \u00e8 gradualmente cresciuta fino a diventare un&#039;impresa internazionale con attivit\u00e0 che coprono l&#039;intero paese e molti clienti in Europa, America, Sud-est asiatico, Medio Oriente e altre regioni. In questo processo, ogni innovazione tecnologica, ogni lancio di nuovi prodotti e ogni svolta di mercato condensa la saggezza e il sudore di tutti i dipendenti e diventa un&#039;impronta solida sul percorso di crescita dell&#039;azienda.<\/p>\n\n\n\n<h2 class=\"gb-headline gb-headline-21da6266 gb-headline-text\">Eccellente processo di produzione<\/h2>\n\n\n\n<p><strong>Lavorazione delle parti<\/strong><\/p>\n\n\n\n<p>Affidandosi alla produzione di precisione tramite centri di lavorazione CNC e utilizzando robot di saldatura di precisione per garantire stabilit\u00e0 e durata delle attrezzature.<\/p>\n\n\n\n<p><strong>Montaggio della macchina<\/strong><\/p>\n\n\n\n<p>Operai addetti al montaggio esperti e sistemi di montaggio intelligenti lavorano insieme.<\/p>\n\n\n\n<p><strong>Controllo di qualit\u00e0<\/strong><\/p>\n\n\n\n<p>Con un sistema di gestione della qualit\u00e0 rigoroso e completo, dotato di apparecchiature di collaudo all&#039;avanguardia.<\/p>\n\n\n\n<p><strong>Innovazione e intraprendenza<\/strong><\/p>\n\n\n\n<p>Il team di ricerca e sviluppo \u00e8 dotato di grande creativit\u00e0 ed efficacia in combattimento, \u00e8 al passo con le tecnologie all&#039;avanguardia a livello internazionale e innova costantemente in base alle richieste del mercato.<\/p>\n\n\n\n<h2 class=\"gb-headline gb-headline-8fa6364f gb-headline-text\">I nostri servizi<\/h2>\n\n\n\n<p><strong>Servizio pre-vendita<\/strong><\/p>\n\n\n\n<p>Grazie al nostro team professionale di ricerche di mercato e pianificazione di progetti, che si tratti della costruzione di un nuovo stabilimento o dell&#039;ammodernamento di uno vecchio, siamo in grado di comprendere a fondo le vostre esigenze, dalla selezione della linea di produzione, alla progettazione del layout dell&#039;officina, all&#039;ottimizzazione dei processi e ad altri aspetti, per personalizzare la soluzione pi\u00f9 adatta a voi.<\/p>\n\n\n\n<p><strong>Servizio di vendita<\/strong><\/p>\n\n\n\n<p>Il team di installazione e messa in servizio tecnicamente all&#039;avanguardia garantisce che la vostra linea di produzione raggiunga le migliori condizioni operative.<\/p>\n\n\n\n<p><strong>Servizio post-vendita<\/strong><\/p>\n\n\n\n<p>Una rete globale di assistenza post-vendita per risolvere i tuoi problemi.<\/p>\n\n\n\n<h2 class=\"gb-headline gb-headline-2f07a5dc gb-headline-text\">Onori e Certificati<\/h2>\n\n\n\n<p>Negli anni di duro lavoro, abbiamo ottenuto ampi riconoscimenti all&#039;interno e all&#039;esterno del settore con la nostra eccellente forza tecnica, l&#039;eccellente qualit\u00e0 del prodotto e il sistema di servizi di alta qualit\u00e0, e abbiamo vinto molti riconoscimenti. Questi certificati onorari non sono solo un&#039;affermazione dei traguardi passati dell&#039;azienda, ma anche una fonte di motivazione per tutti i dipendenti a continuare ad andare avanti.<\/p>\n\n\n\n<p>Ha vinto i titoli di &quot;Impresa nazionale ad alta tecnologia&quot;, &quot;Impresa provinciale specializzata e nuova&quot;, &quot;Impresa dimostrativa di innovazione scientifica e tecnologica municipale&quot; e cos\u00ec via.<\/p>\n\n\n\n<p>Ha ottenuto la certificazione del sistema di gestione della qualit\u00e0 ISO 9001, la certificazione del sistema di gestione ambientale ISO 14001, la certificazione del sistema di gestione della salute e sicurezza sul lavoro ISO 45001, la certificazione del sistema di gestione della sicurezza alimentare HACCP e molte altre certificazioni autorevoli a livello internazionale.<\/p>\n\n\n\n<p>Primo Premio per l&#039;Innovazione Tecnologica<\/p>\n\n\n<div class=\"gb-container gb-container-242fd4c2\">\n<div class=\"gb-grid-wrapper gb-grid-wrapper-8b64ea66\">\n<div class=\"gb-grid-column gb-grid-column-2aaded06\"><div class=\"gb-container gb-container-2aaded06\">\n\n<figure class=\"wp-block-image size-full\"><img decoding=\"async\" width=\"807\" height=\"354\" src=\"https:\/\/potatochipsproductionline.com\/wp-content\/uploads\/2025\/01\/certificate-CE.png\" alt=\"\" class=\"wp-image-512\" srcset=\"https:\/\/potatochipsproductionline.com\/wp-content\/uploads\/2025\/01\/certificate-CE.png 807w, https:\/\/potatochipsproductionline.com\/wp-content\/uploads\/2025\/01\/certificate-CE-300x132.png 300w, https:\/\/potatochipsproductionline.com\/wp-content\/uploads\/2025\/01\/certificate-CE-768x337.png 768w\" sizes=\"(max-width: 807px) 100vw, 807px\" \/><\/figure>\n\n<\/div><\/div>\n\n<div class=\"gb-grid-column gb-grid-column-999ab689\"><div class=\"gb-container gb-container-999ab689\">\n\n<figure class=\"wp-block-image size-full\"><img decoding=\"async\" width=\"807\" height=\"354\" src=\"https:\/\/potatochipsproductionline.com\/wp-content\/uploads\/2025\/01\/certificate-high-quality.png\" alt=\"\" class=\"wp-image-513\" srcset=\"https:\/\/potatochipsproductionline.com\/wp-content\/uploads\/2025\/01\/certificate-high-quality.png 807w, https:\/\/potatochipsproductionline.com\/wp-content\/uploads\/2025\/01\/certificate-high-quality-300x132.png 300w, https:\/\/potatochipsproductionline.com\/wp-content\/uploads\/2025\/01\/certificate-high-quality-768x337.png 768w\" sizes=\"(max-width: 807px) 100vw, 807px\" \/><\/figure>\n\n<\/div><\/div>\n<\/div>\n<\/div>\n<\/div>\n<\/div>\n<\/div>\n\n<div class=\"gb-container gb-container-4b162d08\">\n<div class=\"gb-container gb-container-9dbd9daf\">\n<div class=\"gb-container gb-container-0ac21e59\">\n\n<h2 class=\"gb-headline gb-headline-a516856c gb-headline-text\">Contattaci<\/h2>\n\n\n\n<div class=\"wp-block-contact-form-7-contact-form-selector\">\n<div class=\"wpcf7 no-js\" id=\"wpcf7-f112-o1\" lang=\"en-US\" dir=\"ltr\" data-wpcf7-id=\"112\">\n<div class=\"screen-reader-response\"><p role=\"status\" aria-live=\"polite\" aria-atomic=\"true\"><\/p> <ul><\/ul><\/div>\n<form action=\"\/it\/wp-json\/wp\/v2\/pages\/700#wpcf7-f112-o1\" method=\"post\" class=\"wpcf7-form init\" aria-label=\"Modulo di contatto\" novalidate=\"novalidate\" data-status=\"init\" data-trp-original-action=\"\/it\/wp-json\/wp\/v2\/pages\/700#wpcf7-f112-o1\">\n<fieldset class=\"hidden-fields-container\"><input type=\"hidden\" name=\"_wpcf7\" value=\"112\" \/><input type=\"hidden\" name=\"_wpcf7_version\" value=\"6.1.5\" \/><input type=\"hidden\" name=\"_wpcf7_locale\" value=\"en_US\" \/><input type=\"hidden\" name=\"_wpcf7_unit_tag\" value=\"wpcf7-f112-o1\" \/><input type=\"hidden\" name=\"_wpcf7_container_post\" value=\"0\" \/><input type=\"hidden\" name=\"_wpcf7_posted_data_hash\" value=\"\" \/>\n<\/fieldset>\n<p><label><span class=\"wpcf7-form-control-wrap\" data-name=\"your-name\"><input size=\"40\" maxlength=\"400\" class=\"wpcf7-form-control wpcf7-text wpcf7-validates-as-required\" aria-required=\"true\" aria-invalid=\"false\" placeholder=\"Nome*\" value=\"\" type=\"text\" name=\"your-name\" \/><\/span><\/label>\n<\/p>\n<p><label><span class=\"wpcf7-form-control-wrap\" data-name=\"your-email\"><input size=\"40\" maxlength=\"400\" class=\"wpcf7-form-control wpcf7-email wpcf7-validates-as-required wpcf7-text wpcf7-validates-as-email\" aria-required=\"true\" aria-invalid=\"false\" placeholder=\"E-mail*\" value=\"\" type=\"email\" name=\"your-email\" \/><\/span><\/label>\n<\/p>\n<p><label><span class=\"wpcf7-form-control-wrap\" data-name=\"your-tel\"><input size=\"40\" maxlength=\"400\" class=\"wpcf7-form-control wpcf7-tel wpcf7-validates-as-required wpcf7-text wpcf7-validates-as-tel\" aria-required=\"true\" aria-invalid=\"false\" placeholder=\"Telefono*\" value=\"\" type=\"tel\" name=\"your-tel\" \/><\/span><\/label>\n<\/p>\n<p><label><span class=\"wpcf7-form-control-wrap\" data-name=\"your-message\"><textarea cols=\"40\" rows=\"10\" maxlength=\"2000\" class=\"wpcf7-form-control wpcf7-textarea wpcf7-validates-as-required\" aria-required=\"true\" aria-invalid=\"false\" placeholder=\"Messaggio*:1. Qual \u00e8 la tua capacit\u00e0?2. I prodotti finiti previsti? (patatine fresche o patatine composte)\" name=\"your-message\"><\/textarea><\/span> <\/label>\n<\/p>\n<p><input class=\"wpcf7-form-control wpcf7-submit has-spinner\" type=\"submit\" value=\"Invia\" \/>\n<\/p><input type='hidden' class='wpcf7-pum' value='{\"closepopup\":false,\"closedelay\":0,\"openpopup\":false,\"openpopup_id\":0}' \/><div class=\"wpcf7-response-output\" aria-hidden=\"true\"><\/div>\n<input type=\"hidden\" name=\"trp-form-language\" value=\"it\"\/><\/form>\n<\/div>\n<\/div>\n\n<\/div>\n<\/div>\n<\/div>","protected":false},"excerpt":{"rendered":"<p>We Are Committed To Providing Potato Chips\u00a0Equipment Solutions To Many Factories Since its establishment in 1990, it has been focusing &#8230; <\/p>\n<p class=\"read-more-container\"><a title=\"Chi siamo\" class=\"read-more button\" href=\"https:\/\/potatochipsproductionline.com\/it\/about-us\/#more-700\" aria-label=\"Per saperne di pi\u00f9 su About Us\">Leggi tutto<\/a><\/p>","protected":false},"author":1,"featured_media":0,"parent":0,"menu_order":0,"comment_status":"closed","ping_status":"closed","template":"","meta":{"footnotes":""},"class_list":{"0":"post-700","1":"page","2":"type-page","3":"status-publish","5":"no-featured-image-padding"},"_links":{"self":[{"href":"https:\/\/potatochipsproductionline.com\/it\/wp-json\/wp\/v2\/pages\/700","targetHints":{"allow":["GET"]}}],"collection":[{"href":"https:\/\/potatochipsproductionline.com\/it\/wp-json\/wp\/v2\/pages"}],"about":[{"href":"https:\/\/potatochipsproductionline.com\/it\/wp-json\/wp\/v2\/types\/page"}],"author":[{"embeddable":true,"href":"https:\/\/potatochipsproductionline.com\/it\/wp-json\/wp\/v2\/users\/1"}],"replies":[{"embeddable":true,"href":"https:\/\/potatochipsproductionline.com\/it\/wp-json\/wp\/v2\/comments?post=700"}],"version-history":[{"count":1,"href":"https:\/\/potatochipsproductionline.com\/it\/wp-json\/wp\/v2\/pages\/700\/revisions"}],"predecessor-version":[{"id":701,"href":"https:\/\/potatochipsproductionline.com\/it\/wp-json\/wp\/v2\/pages\/700\/revisions\/701"}],"wp:attachment":[{"href":"https:\/\/potatochipsproductionline.com\/it\/wp-json\/wp\/v2\/media?parent=700"}],"curies":[{"name":"wp","href":"https:\/\/api.w.org\/{rel}","templated":true}]}}