{"id":700,"date":"2025-01-23T17:05:32","date_gmt":"2025-01-23T09:05:32","guid":{"rendered":"https:\/\/potatochipsproductionline.com\/?page_id=700"},"modified":"2025-01-23T17:09:13","modified_gmt":"2025-01-23T09:09:13","slug":"about-us","status":"publish","type":"page","link":"https:\/\/potatochipsproductionline.com\/pt\/about-us\/","title":{"rendered":"Sobre n\u00f3s"},"content":{"rendered":"<div class=\"gb-container gb-container-d70d3d41\">\n<div class=\"gb-container gb-container-fbce4224\">\n<div class=\"gb-container gb-container-6544843b\">\n\n<h2 class=\"gb-headline gb-headline-c67b1d25 gb-headline-text\">Estamos comprometidos em fornecer solu\u00e7\u00f5es de equipamentos para batatas fritas para muitas f\u00e1bricas<\/h2>\n\n\n\n<p>Desde sua funda\u00e7\u00e3o em 1990, ela tem se concentrado na fabrica\u00e7\u00e3o de equipamentos para linhas de produ\u00e7\u00e3o de chips de batata. Com seu entusiasmo pela fabrica\u00e7\u00e3o de m\u00e1quinas aliment\u00edcias, ela se tornou uma l\u00edder da ind\u00fastria ao insistir em pesquisa e desenvolvimento de tecnologia, otimizando processos de produ\u00e7\u00e3o e insights sobre as necessidades do cliente, e ajudou no desenvolvimento da ind\u00fastria global de chips de batata.<\/p>\n\n\n\n<h2 class=\"gb-headline gb-headline-8d4532e5 gb-headline-text\">Forge Ahead: Uma pegada s\u00f3lida de crescimento<\/h2>\n\n\n\n<p>Em 1992:<\/p>\n\n\n\n<p>A primeira gera\u00e7\u00e3o de equipamentos de linha de produ\u00e7\u00e3o de chips de batata foi lan\u00e7ada com sucesso. Com seu desempenho est\u00e1vel e pre\u00e7o razo\u00e1vel, rapidamente ganhou o favor de alguns pequenos fabricantes nacionais de chips de batata, estabelecendo uma base s\u00f3lida para a empresa ganhar uma posi\u00e7\u00e3o no mercado.<\/p>\n\n\n\n<p>Em 1995:<\/p>\n\n\n\n<p>A segunda gera\u00e7\u00e3o da linha de produ\u00e7\u00e3o de batata frita foi lan\u00e7ada, e sistemas avan\u00e7ados de controle autom\u00e1tico foram introduzidos, o que melhorou muito a efici\u00eancia da produ\u00e7\u00e3o. Ap\u00f3s o lan\u00e7amento do novo produto, ele n\u00e3o apenas brilhou no mercado dom\u00e9stico, mas tamb\u00e9m atraiu a aten\u00e7\u00e3o de alguns clientes estrangeiros, dando com sucesso o primeiro passo na expans\u00e3o do mercado internacional.<\/p>\n\n\n\n<p>Em 2000:<\/p>\n\n\n\n<p>A tecnologia de fritura com separa\u00e7\u00e3o de \u00f3leo e \u00e1gua foi desenvolvida para atender \u00e0s necessidades de sa\u00fade dos consumidores.<\/p>\n\n\n\n<p>Em 2002:<\/p>\n\n\n\n<p>Uma equipe personalizada foi estabelecida para criar uma linha de produ\u00e7\u00e3o flex\u00edvel que pode ser personalizada de acordo com as necessidades especiais dos clientes. Seja o formato, o sabor ou a embalagem dos chips de batata, eles podem ser personalizados.<\/p>\n\n\n\n<p>Em 2005:<\/p>\n\n\n\n<p>Estabelecemos rela\u00e7\u00f5es cooperativas est\u00e1veis e de longo prazo com universidades e institui\u00e7\u00f5es de pesquisa cient\u00edfica bem conhecidas para acelerar a transforma\u00e7\u00e3o dos resultados da pesquisa cient\u00edfica. O mapa de mercado continua a se expandir e se tornar um empreendimento internacional.<\/p>\n\n\n\n<p>Da pequena f\u00e1brica regional inicial, ela cresceu gradualmente para uma empresa internacional com neg\u00f3cios cobrindo todo o pa\u00eds e muitos clientes na Europa, Am\u00e9rica, Sudeste Asi\u00e1tico, Oriente M\u00e9dio e outras regi\u00f5es. Nesse processo, cada inova\u00e7\u00e3o tecnol\u00f3gica, cada lan\u00e7amento de novo produto e cada avan\u00e7o de mercado condensa a sabedoria e o suor de todos os funcion\u00e1rios e se torna uma pegada s\u00f3lida no caminho de crescimento da empresa.<\/p>\n\n\n\n<h2 class=\"gb-headline gb-headline-21da6266 gb-headline-text\">Excelente processo de fabrica\u00e7\u00e3o<\/h2>\n\n\n\n<p><strong>Processamento de pe\u00e7as<\/strong><\/p>\n\n\n\n<p>Contando com a fabrica\u00e7\u00e3o de precis\u00e3o do centro de usinagem CNC, utilizando rob\u00f4s de soldagem de precis\u00e3o para garantir a estabilidade e durabilidade do equipamento.<\/p>\n\n\n\n<p><strong>Montagem de m\u00e1quinas<\/strong><\/p>\n\n\n\n<p>Trabalhadores de montagem experientes e sistemas de montagem inteligentes trabalham juntos.<\/p>\n\n\n\n<p><strong>Controle de qualidade<\/strong><\/p>\n\n\n\n<p>Com um sistema de gest\u00e3o de qualidade rigoroso e completo, equipado com equipamentos de teste avan\u00e7ados.<\/p>\n\n\n\n<p><strong>Inova\u00e7\u00e3o e empreendedorismo<\/strong><\/p>\n\n\n\n<p>A equipe de P&amp;D tem grande criatividade e efic\u00e1cia em combate, acompanha as tecnologias de ponta internacionais e inova continuamente em combina\u00e7\u00e3o com a demanda do mercado.<\/p>\n\n\n\n<h2 class=\"gb-headline gb-headline-8fa6364f gb-headline-text\">Nossos servi\u00e7os<\/h2>\n\n\n\n<p><strong>Servi\u00e7o de pr\u00e9-venda<\/strong><\/p>\n\n\n\n<p>Equipe profissional de pesquisa de mercado e planejamento de projetos, seja para a constru\u00e7\u00e3o de uma nova planta ou a moderniza\u00e7\u00e3o de uma planta antiga, podemos entender profundamente suas necessidades, desde a sele\u00e7\u00e3o da linha de produ\u00e7\u00e3o, projeto de layout de oficina, otimiza\u00e7\u00e3o de processos e outras dimens\u00f5es, adaptando a solu\u00e7\u00e3o mais adequada para voc\u00ea.<\/p>\n\n\n\n<p><strong>Servi\u00e7o de vendas<\/strong><\/p>\n\n\n\n<p>A equipe de instala\u00e7\u00e3o e comissionamento tecnicamente sofisticada garante que sua linha de produ\u00e7\u00e3o atinja o melhor estado operacional.<\/p>\n\n\n\n<p><strong>Servi\u00e7o p\u00f3s-venda<\/strong><\/p>\n\n\n\n<p>Uma rede global de servi\u00e7os p\u00f3s-venda para resolver suas preocupa\u00e7\u00f5es.<\/p>\n\n\n\n<h2 class=\"gb-headline gb-headline-2f07a5dc gb-headline-text\">Honra e Certificados<\/h2>\n\n\n\n<p>Nos anos de trabalho duro, ganhamos amplo reconhecimento dentro e fora da ind\u00fastria com nossa excelente for\u00e7a t\u00e9cnica, excelente qualidade de produto e sistema de servi\u00e7o de alta qualidade, e ganhamos muitas honrarias. Esses certificados honor\u00e1rios n\u00e3o s\u00e3o apenas uma afirma\u00e7\u00e3o das conquistas passadas da empresa, mas tamb\u00e9m uma fonte de motiva\u00e7\u00e3o para todos os funcion\u00e1rios continuarem avan\u00e7ando.<\/p>\n\n\n\n<p>Ganhou os t\u00edtulos de \u201cEmpresa Nacional de Alta Tecnologia\u201d, \u201cEmpresa Provincial Especializada e Nova\u201d, \u201cEmpresa Municipal de Demonstra\u00e7\u00e3o de Inova\u00e7\u00e3o Cient\u00edfica e Tecnol\u00f3gica\u201d e assim por diante.<\/p>\n\n\n\n<p>Obteve a certifica\u00e7\u00e3o do sistema de gest\u00e3o da qualidade ISO 9001, a certifica\u00e7\u00e3o do sistema de gest\u00e3o ambiental ISO 14001, a certifica\u00e7\u00e3o do sistema de gest\u00e3o de sa\u00fade e seguran\u00e7a ocupacional ISO 45001, a certifica\u00e7\u00e3o do sistema de gest\u00e3o de seguran\u00e7a alimentar HACCP e muitas outras certifica\u00e7\u00f5es internacionais de autoridade.<\/p>\n\n\n\n<p>Primeiro Pr\u00e9mio de Inova\u00e7\u00e3o Tecnol\u00f3gica<\/p>\n\n\n<div class=\"gb-container gb-container-242fd4c2\">\n<div class=\"gb-grid-wrapper gb-grid-wrapper-8b64ea66\">\n<div class=\"gb-grid-column gb-grid-column-2aaded06\"><div class=\"gb-container gb-container-2aaded06\">\n\n<figure class=\"wp-block-image size-full\"><img decoding=\"async\" width=\"807\" height=\"354\" src=\"https:\/\/potatochipsproductionline.com\/wp-content\/uploads\/2025\/01\/certificate-CE.png\" alt=\"\" class=\"wp-image-512\" srcset=\"https:\/\/potatochipsproductionline.com\/wp-content\/uploads\/2025\/01\/certificate-CE.png 807w, https:\/\/potatochipsproductionline.com\/wp-content\/uploads\/2025\/01\/certificate-CE-300x132.png 300w, https:\/\/potatochipsproductionline.com\/wp-content\/uploads\/2025\/01\/certificate-CE-768x337.png 768w\" sizes=\"(max-width: 807px) 100vw, 807px\" \/><\/figure>\n\n<\/div><\/div>\n\n<div class=\"gb-grid-column gb-grid-column-999ab689\"><div class=\"gb-container gb-container-999ab689\">\n\n<figure class=\"wp-block-image size-full\"><img decoding=\"async\" width=\"807\" height=\"354\" src=\"https:\/\/potatochipsproductionline.com\/wp-content\/uploads\/2025\/01\/certificate-high-quality.png\" alt=\"\" class=\"wp-image-513\" srcset=\"https:\/\/potatochipsproductionline.com\/wp-content\/uploads\/2025\/01\/certificate-high-quality.png 807w, https:\/\/potatochipsproductionline.com\/wp-content\/uploads\/2025\/01\/certificate-high-quality-300x132.png 300w, https:\/\/potatochipsproductionline.com\/wp-content\/uploads\/2025\/01\/certificate-high-quality-768x337.png 768w\" sizes=\"(max-width: 807px) 100vw, 807px\" \/><\/figure>\n\n<\/div><\/div>\n<\/div>\n<\/div>\n<\/div>\n<\/div>\n<\/div>\n\n<div class=\"gb-container gb-container-4b162d08\">\n<div class=\"gb-container gb-container-9dbd9daf\">\n<div class=\"gb-container gb-container-0ac21e59\">\n\n<h2 class=\"gb-headline gb-headline-a516856c gb-headline-text\">Contate-nos<\/h2>\n\n\n\n<div class=\"wp-block-contact-form-7-contact-form-selector\">\n<div class=\"wpcf7 no-js\" id=\"wpcf7-f112-o1\" lang=\"en-US\" dir=\"ltr\" data-wpcf7-id=\"112\">\n<div class=\"screen-reader-response\"><p role=\"status\" aria-live=\"polite\" aria-atomic=\"true\"><\/p> <ul><\/ul><\/div>\n<form action=\"\/pt\/wp-json\/wp\/v2\/pages\/700#wpcf7-f112-o1\" method=\"post\" class=\"wpcf7-form init\" aria-label=\"Formul\u00e1rio de contato\" novalidate=\"novalidate\" data-status=\"init\" data-trp-original-action=\"\/pt\/wp-json\/wp\/v2\/pages\/700#wpcf7-f112-o1\">\n<fieldset class=\"hidden-fields-container\"><input type=\"hidden\" name=\"_wpcf7\" value=\"112\" \/><input type=\"hidden\" name=\"_wpcf7_version\" value=\"6.1.5\" \/><input type=\"hidden\" name=\"_wpcf7_locale\" value=\"en_US\" \/><input type=\"hidden\" name=\"_wpcf7_unit_tag\" value=\"wpcf7-f112-o1\" \/><input type=\"hidden\" name=\"_wpcf7_container_post\" value=\"0\" \/><input type=\"hidden\" name=\"_wpcf7_posted_data_hash\" value=\"\" \/>\n<\/fieldset>\n<p><label><span class=\"wpcf7-form-control-wrap\" data-name=\"your-name\"><input size=\"40\" maxlength=\"400\" class=\"wpcf7-form-control wpcf7-text wpcf7-validates-as-required\" aria-required=\"true\" aria-invalid=\"false\" placeholder=\"Nome*\" value=\"\" type=\"text\" name=\"your-name\" \/><\/span><\/label>\n<\/p>\n<p><label><span class=\"wpcf7-form-control-wrap\" data-name=\"your-email\"><input size=\"40\" maxlength=\"400\" class=\"wpcf7-form-control wpcf7-email wpcf7-validates-as-required wpcf7-text wpcf7-validates-as-email\" aria-required=\"true\" aria-invalid=\"false\" placeholder=\"E-mail*\" value=\"\" type=\"email\" name=\"your-email\" \/><\/span><\/label>\n<\/p>\n<p><label><span class=\"wpcf7-form-control-wrap\" data-name=\"your-tel\"><input size=\"40\" maxlength=\"400\" class=\"wpcf7-form-control wpcf7-tel wpcf7-validates-as-required wpcf7-text wpcf7-validates-as-tel\" aria-required=\"true\" aria-invalid=\"false\" placeholder=\"Telefone*\" value=\"\" type=\"tel\" name=\"your-tel\" \/><\/span><\/label>\n<\/p>\n<p><label><span class=\"wpcf7-form-control-wrap\" data-name=\"your-message\"><textarea cols=\"40\" rows=\"10\" maxlength=\"2000\" class=\"wpcf7-form-control wpcf7-textarea wpcf7-validates-as-required\" aria-required=\"true\" aria-invalid=\"false\" placeholder=\"Mensagem*:1. Qual \u00e9 a sua capacidade?2. Seus produtos acabados esperados? (batatas fritas frescas ou batatas fritas compostas)\" name=\"your-message\"><\/textarea><\/span> <\/label>\n<\/p>\n<p><input class=\"wpcf7-form-control wpcf7-submit has-spinner\" type=\"submit\" value=\"Enviar\" \/>\n<\/p><input type='hidden' class='wpcf7-pum' value='{\"closepopup\":false,\"closedelay\":0,\"openpopup\":false,\"openpopup_id\":0}' \/><div class=\"wpcf7-response-output\" aria-hidden=\"true\"><\/div>\n<input type=\"hidden\" name=\"trp-form-language\" value=\"pt\"\/><\/form>\n<\/div>\n<\/div>\n\n<\/div>\n<\/div>\n<\/div>","protected":false},"excerpt":{"rendered":"<p>We Are Committed To Providing Potato Chips\u00a0Equipment Solutions To Many Factories Since its establishment in 1990, it has been focusing &#8230; <\/p>\n<p class=\"read-more-container\"><a title=\"Sobre n\u00f3s\" class=\"read-more button\" href=\"https:\/\/potatochipsproductionline.com\/pt\/about-us\/#more-700\" aria-label=\"Leia mais sobre About Us\">Ler mais<\/a><\/p>","protected":false},"author":1,"featured_media":0,"parent":0,"menu_order":0,"comment_status":"closed","ping_status":"closed","template":"","meta":{"footnotes":""},"class_list":{"0":"post-700","1":"page","2":"type-page","3":"status-publish","5":"no-featured-image-padding"},"_links":{"self":[{"href":"https:\/\/potatochipsproductionline.com\/pt\/wp-json\/wp\/v2\/pages\/700","targetHints":{"allow":["GET"]}}],"collection":[{"href":"https:\/\/potatochipsproductionline.com\/pt\/wp-json\/wp\/v2\/pages"}],"about":[{"href":"https:\/\/potatochipsproductionline.com\/pt\/wp-json\/wp\/v2\/types\/page"}],"author":[{"embeddable":true,"href":"https:\/\/potatochipsproductionline.com\/pt\/wp-json\/wp\/v2\/users\/1"}],"replies":[{"embeddable":true,"href":"https:\/\/potatochipsproductionline.com\/pt\/wp-json\/wp\/v2\/comments?post=700"}],"version-history":[{"count":1,"href":"https:\/\/potatochipsproductionline.com\/pt\/wp-json\/wp\/v2\/pages\/700\/revisions"}],"predecessor-version":[{"id":701,"href":"https:\/\/potatochipsproductionline.com\/pt\/wp-json\/wp\/v2\/pages\/700\/revisions\/701"}],"wp:attachment":[{"href":"https:\/\/potatochipsproductionline.com\/pt\/wp-json\/wp\/v2\/media?parent=700"}],"curies":[{"name":"wp","href":"https:\/\/api.w.org\/{rel}","templated":true}]}}